{"id":135,"date":"2021-08-16T05:21:19","date_gmt":"2021-08-16T05:21:19","guid":{"rendered":"http:\/\/www.rasthof-platanenhof.ch\/?page_id=135"},"modified":"2021-09-06T14:17:04","modified_gmt":"2021-09-06T14:17:04","slug":"ueber-uns","status":"publish","type":"page","link":"https:\/\/www.rasthof-platanenhof.ch\/fr\/ueber-uns\/","title":{"rendered":"Entreprise"},"content":{"rendered":"\n<h1 class=\"has-text-align-center wp-block-heading\"><strong>Entreprise<\/strong><\/h1>\n\n\n\n<p class=\"has-text-align-center\">Le&nbsp;<strong>Rasthof Platanenhof<\/strong>&nbsp;est une entreprise d\u2019Aebi Suisse SA et il est la propri\u00e9t\u00e9 de la famille Aebi qui l\u2019exploite. Le Platanenhof se situe dans la r\u00e9gion des \u00ab 3 Lacs \u00bb. Il se trouve directement \u00e0 la sortie Gampelen\/Cudrefin de la route de contournement H10 (Coordonn\u00e9es 517.292\/206.184) et jouit d\u2019une grande offre de places de parc. Le Rasthof Platanenhof comprend une station-service \u00e0 bas prix, un restaurant, un bar et un shop qui sont ouverts sans interruption de 6h00 \u00e0 22h00 tous les jours ouvrables et de 7h00 \u00e0 20h00 le samedi\/dimanche.<br><br>A la&nbsp;<strong>station-service \u00e0 bas prix<\/strong>&nbsp;peuvent s\u2019approvisionner les voitures comme les camions de mani\u00e8re s\u00fbre et confortable en benzine, diesel, At-Blue et GPL \u00e0 des prix d\u00e9fiants toute concurrence. En dehors des heures d\u2019ouvertures, les moyens de paiements par billets de banques et par cartes de cr\u00e9dit les plus connues sont \u00e0 disposition.<br><br>Dans le&nbsp;<strong>restaurant<\/strong>, qui dispose d\u2019une centaine de places assises, nous avons un d\u00e9bit de boissons alcoolis\u00e9es ouvertes ou en bouteilles. Vous \u00eates servi \u00e0 table et vous pouvez aussi profiter d\u2019un self-service. Vous pouvez consommer tout en regardant le magnifique panorama qui est compos\u00e9 du Mont-Vully et des Alpes et du Jura.<br>Une cuisine des plus moderne g\u00e9r\u00e9e par un chef de cuisine de profession vous garanti un service rapide et convivial de mets finement pr\u00e9par\u00e9s \u00e0 des prix tr\u00e8s comp\u00e9titifs. Les installations sont pr\u00e9vues pour accueillir en tout temps des groupes&nbsp; de voyageurs qui ne sont pas annonc\u00e9s, des \u00e9v\u00e9nements d\u2019entreprises, des soci\u00e9t\u00e9s etc. Une&nbsp;<strong>terrasse<\/strong>&nbsp;avec des places assises \u00e0 l\u2019ombre de quatre imposants platanes procure un climat agr\u00e9able durant les fortes chaleurs. Une&nbsp;<strong>place de jeux pour les enfants<\/strong>&nbsp;qui satisfait toutes les exigences est \u00e0 disposition.<br><br>Vous y trouvez un&nbsp;<strong>point d\u2019acc\u00e8s \u00e0 internet<\/strong>&nbsp;ainsi qu\u2019un&nbsp;<strong>r\u00e9seau sans fil<\/strong>&nbsp;ouvert disponible pour votre portable.<br><br>Des \u00e9v\u00e9nements importants dans le sport, la politique etc. peuvent \u00eatre regard\u00e9s par une&nbsp;<strong>r\u00e9ception satellite digital sur un \u00e9cran<\/strong>&nbsp;dans un secteur du restaurant uniquement.<br><br>Le&nbsp;<strong>ByeBye-Bar<\/strong>, avec un service convivial, vous attend. Vous \u00eates s\u00fbr d\u2019y trouver un interlocuteur.<br><br>Un&nbsp;<strong>shop<\/strong>&nbsp;de grande surface est \u00e0 votre disposition. Que se soit pour des achats de provisions journali\u00e8res ou hebdomadaires, vous les faites \u00e0 des prix tr\u00e8s attractifs. Vous y trouvez des fruits, des l\u00e9gumes, de la viande etc. d\u2019une production r\u00e9gionale dans la mesure du possible. Est aussi pr\u00e9sent dans le shop, un imposant choix des plus belles r\u00e9alisations de&nbsp;<strong>Blumen Aebi<\/strong>&nbsp;qui appartient aussi \u00e0 l\u2019entreprise Aebi Suisse SA. Elles y d\u00e9gagent une ambiance qui vous aiderons dans votre choix d\u2019id\u00e9es cadeaux.<br><br>Nous nous r\u00e9jouissons de votre visite.<\/p>\n\n\n\n<p class=\"has-text-align-center\">Le Rasthof Platanenhof Team<\/p>\n","protected":false},"excerpt":{"rendered":"<p>Entreprise Le&nbsp;Rasthof Platanenhof&nbsp;est une entreprise d\u2019Aebi Suisse SA et il est la propri\u00e9t\u00e9 de la famille Aebi qui l\u2019exploite. Le Platanenhof se situe dans la r\u00e9gion des \u00ab 3 Lacs \u00bb. Il se trouve directement \u00e0 la sortie Gampelen\/Cudrefin de la route de contournement H10 (Coordonn\u00e9es 517.292\/206.184) et jouit d\u2019une grande offre de places de &hellip;<\/p>\n<p class=\"read-more\"> <a class=\"\" href=\"https:\/\/www.rasthof-platanenhof.ch\/fr\/ueber-uns\/\"> <span class=\"screen-reader-text\">Entreprise<\/span> Read More &raquo;<\/a><\/p>\n","protected":false},"author":1,"featured_media":0,"parent":0,"menu_order":40,"comment_status":"closed","ping_status":"closed","template":"","meta":{"_mi_skip_tracking":false,"site-sidebar-layout":"default","site-content-layout":"default","ast-global-header-display":"","ast-main-header-display":"","ast-hfb-above-header-display":"","ast-hfb-below-header-display":"","ast-hfb-mobile-header-display":"","site-post-title":"disabled","ast-breadcrumbs-content":"","ast-featured-img":"","footer-sml-layout":"","theme-transparent-header-meta":"default","adv-header-id-meta":"","stick-header-meta":"","header-above-stick-meta":"","header-main-stick-meta":"","header-below-stick-meta":"","footnotes":""},"class_list":["post-135","page","type-page","status-publish","hentry"],"translation":{"provider":"WPGlobus","version":"2.10.7","language":"fr","enabled_languages":["de","fr","en"],"languages":{"de":{"title":true,"content":true,"excerpt":false},"fr":{"title":true,"content":true,"excerpt":false},"en":{"title":true,"content":true,"excerpt":false}}},"aioseo_notices":[],"_links":{"self":[{"href":"https:\/\/www.rasthof-platanenhof.ch\/fr\/wp-json\/wp\/v2\/pages\/135","targetHints":{"allow":["GET"]}}],"collection":[{"href":"https:\/\/www.rasthof-platanenhof.ch\/fr\/wp-json\/wp\/v2\/pages"}],"about":[{"href":"https:\/\/www.rasthof-platanenhof.ch\/fr\/wp-json\/wp\/v2\/types\/page"}],"author":[{"embeddable":true,"href":"https:\/\/www.rasthof-platanenhof.ch\/fr\/wp-json\/wp\/v2\/users\/1"}],"replies":[{"embeddable":true,"href":"https:\/\/www.rasthof-platanenhof.ch\/fr\/wp-json\/wp\/v2\/comments?post=135"}],"version-history":[{"count":6,"href":"https:\/\/www.rasthof-platanenhof.ch\/fr\/wp-json\/wp\/v2\/pages\/135\/revisions"}],"predecessor-version":[{"id":328,"href":"https:\/\/www.rasthof-platanenhof.ch\/fr\/wp-json\/wp\/v2\/pages\/135\/revisions\/328"}],"wp:attachment":[{"href":"https:\/\/www.rasthof-platanenhof.ch\/fr\/wp-json\/wp\/v2\/media?parent=135"}],"curies":[{"name":"wp","href":"https:\/\/api.w.org\/{rel}","templated":true}]}}