{"id":21,"date":"2021-07-21T14:39:56","date_gmt":"2021-07-21T14:39:56","guid":{"rendered":"http:\/\/www.rasthof-platanenhof.ch\/?page_id=21"},"modified":"2021-10-19T13:43:04","modified_gmt":"2021-10-19T12:43:04","slug":"jobs","status":"publish","type":"page","link":"https:\/\/www.rasthof-platanenhof.ch\/fr\/jobs\/","title":{"rendered":"Postes vacants"},"content":{"rendered":"\n<h1 class=\"has-text-align-center wp-block-heading\"><strong>Postes vacants<\/strong><\/h1>\n\n\n\n<p class=\"has-text-align-center\">Pour compl\u00e9ter notre \u00e9quipe, nous recherchons imm\u00e9diatement<\/p>\n\n\n\n<p class=\"has-text-align-center\"><strong>&#8211; Vendeur de magasin de station-service<br>&#8211; Sp\u00e9cialiste des services<br>&#8211; Cuisinier<br>&#8211; Aide de cuisinie<br>&#8211; Nettoyeur<\/strong><\/p>\n\n\n\n<p class=\"has-text-align-center\">Votre attitude courtoise et simple caract\u00e9rise les contacts quotidiens avec les clients et l&#8217;\u00e9quipe. <br>Vous parlez couramment l&#8217;allemand et, id\u00e9alement, le fran\u00e7ais.<br><br>Nous attendons avec impatience votre candidature ou votre appel<br>Gerhard Aebi | T\u00e9l. 032 312 70 30 | jobs@aebisuisse.ch<\/p>\n","protected":false},"excerpt":{"rendered":"<p>Postes vacants Pour compl\u00e9ter notre \u00e9quipe, nous recherchons imm\u00e9diatement &#8211; Vendeur de magasin de station-service&#8211; Sp\u00e9cialiste des services&#8211; Cuisinier&#8211; Aide de cuisinie&#8211; Nettoyeur Votre attitude courtoise et simple caract\u00e9rise les contacts quotidiens avec les clients et l&#8217;\u00e9quipe. Vous parlez couramment l&#8217;allemand et, id\u00e9alement, le fran\u00e7ais. Nous attendons avec impatience votre candidature ou votre appelGerhard Aebi &hellip;<\/p>\n<p class=\"read-more\"> <a class=\"\" href=\"https:\/\/www.rasthof-platanenhof.ch\/fr\/jobs\/\"> <span class=\"screen-reader-text\">Postes vacants<\/span> Read More &raquo;<\/a><\/p>\n","protected":false},"author":1,"featured_media":0,"parent":0,"menu_order":50,"comment_status":"closed","ping_status":"closed","template":"","meta":{"_mi_skip_tracking":false,"site-sidebar-layout":"default","site-content-layout":"default","ast-global-header-display":"","ast-main-header-display":"","ast-hfb-above-header-display":"","ast-hfb-below-header-display":"","ast-hfb-mobile-header-display":"","site-post-title":"disabled","ast-breadcrumbs-content":"","ast-featured-img":"","footer-sml-layout":"","theme-transparent-header-meta":"default","adv-header-id-meta":"","stick-header-meta":"","header-above-stick-meta":"","header-main-stick-meta":"","header-below-stick-meta":"","footnotes":""},"class_list":["post-21","page","type-page","status-publish","hentry"],"translation":{"provider":"WPGlobus","version":"2.10.7","language":"fr","enabled_languages":["de","fr","en"],"languages":{"de":{"title":true,"content":true,"excerpt":false},"fr":{"title":true,"content":true,"excerpt":false},"en":{"title":true,"content":true,"excerpt":false}}},"aioseo_notices":[],"_links":{"self":[{"href":"https:\/\/www.rasthof-platanenhof.ch\/fr\/wp-json\/wp\/v2\/pages\/21","targetHints":{"allow":["GET"]}}],"collection":[{"href":"https:\/\/www.rasthof-platanenhof.ch\/fr\/wp-json\/wp\/v2\/pages"}],"about":[{"href":"https:\/\/www.rasthof-platanenhof.ch\/fr\/wp-json\/wp\/v2\/types\/page"}],"author":[{"embeddable":true,"href":"https:\/\/www.rasthof-platanenhof.ch\/fr\/wp-json\/wp\/v2\/users\/1"}],"replies":[{"embeddable":true,"href":"https:\/\/www.rasthof-platanenhof.ch\/fr\/wp-json\/wp\/v2\/comments?post=21"}],"version-history":[{"count":12,"href":"https:\/\/www.rasthof-platanenhof.ch\/fr\/wp-json\/wp\/v2\/pages\/21\/revisions"}],"predecessor-version":[{"id":449,"href":"https:\/\/www.rasthof-platanenhof.ch\/fr\/wp-json\/wp\/v2\/pages\/21\/revisions\/449"}],"wp:attachment":[{"href":"https:\/\/www.rasthof-platanenhof.ch\/fr\/wp-json\/wp\/v2\/media?parent=21"}],"curies":[{"name":"wp","href":"https:\/\/api.w.org\/{rel}","templated":true}]}}